{"id":134,"date":"2024-10-09T03:43:35","date_gmt":"2024-10-09T03:43:35","guid":{"rendered":"https:\/\/mashumanoconsultores.com\/?page_id=134"},"modified":"2025-03-17T19:01:03","modified_gmt":"2025-03-17T19:01:03","slug":"nosotros","status":"publish","type":"page","link":"https:\/\/mashumanoconsultores.com\/en\/nosotros\/","title":{"rendered":"About Us"},"content":{"rendered":"<div data-elementor-type=\"wp-page\" data-elementor-id=\"134\" class=\"elementor elementor-134\" data-elementor-post-type=\"page\">\n\t\t\t\t<div class=\"elementor-element elementor-element-c736211 e-con-full humano-purple-bg humano-container humano-container-start e-flex e-con e-parent\" data-id=\"c736211\" data-element_type=\"container\">\n\t\t<div class=\"elementor-element elementor-element-2f12add e-con-full e-flex e-con e-child\" data-id=\"2f12add\" data-element_type=\"container\">\n\t\t\t\t<div class=\"elementor-element elementor-element-516c45a elementor-widget elementor-widget-html\" data-id=\"516c45a\" data-element_type=\"widget\" data-widget_type=\"html.default\">\n\t\t\t\t<div class=\"elementor-widget-container\">\n\t\t\t\t\t<h5 style=\"color:var( --e-global-color-accent );\">We are<\/h5>\n<h1 style=\"color:var( --e-global-color-c358e38 );\">+Human Consultants<br\/> is your strategic ally in the execution of technology projects<\/h1>\n<p style=\"color:var( --e-global-color-c358e38 );\">We optimize business processes and improve productivity, offering comprehensive solutions to clients from different market sectors through the development of:<\/p>\t\t\t\t<\/div>\n\t\t\t\t<\/div>\n\t\t<div class=\"elementor-element elementor-element-b720ff1 e-con-full e-flex e-con e-child\" data-id=\"b720ff1\" data-element_type=\"container\">\n\t\t\t\t<div class=\"elementor-element elementor-element-a9f2996 elementor-view-default elementor-position-top elementor-mobile-position-top elementor-widget elementor-widget-icon-box\" data-id=\"a9f2996\" data-element_type=\"widget\" data-widget_type=\"icon-box.default\">\n\t\t\t\t<div class=\"elementor-widget-container\">\n\t\t\t\t\t\t\t<div class=\"elementor-icon-box-wrapper\">\n\n\t\t\t\t\t\t<div class=\"elementor-icon-box-icon\">\n\t\t\t\t<span  class=\"elementor-icon\">\n\t\t\t\t<i aria-hidden=\"true\" class=\"icon icon-software_a_la_medida\"><\/i>\t\t\t\t<\/span>\n\t\t\t<\/div>\n\t\t\t\n\t\t\t\t\t\t<div class=\"elementor-icon-box-content\">\n\n\t\t\t\t\t\t\t\t\t<h3 class=\"elementor-icon-box-title\">\n\t\t\t\t\t\t<span  >\n\t\t\t\t\t\t\tCustom software\t\t\t\t\t\t<\/span>\n\t\t\t\t\t<\/h3>\n\t\t\t\t\n\t\t\t\t\n\t\t\t<\/div>\n\t\t\t\n\t\t<\/div>\n\t\t\t\t\t\t<\/div>\n\t\t\t\t<\/div>\n\t\t\t\t<div class=\"elementor-element elementor-element-a19c6a7 elementor-view-default elementor-position-top elementor-mobile-position-top elementor-widget elementor-widget-icon-box\" data-id=\"a19c6a7\" data-element_type=\"widget\" data-widget_type=\"icon-box.default\">\n\t\t\t\t<div class=\"elementor-widget-container\">\n\t\t\t\t\t\t\t<div class=\"elementor-icon-box-wrapper\">\n\n\t\t\t\t\t\t<div class=\"elementor-icon-box-icon\">\n\t\t\t\t<span  class=\"elementor-icon\">\n\t\t\t\t<i aria-hidden=\"true\" class=\"icon icon-software_producto\"><\/i>\t\t\t\t<\/span>\n\t\t\t<\/div>\n\t\t\t\n\t\t\t\t\t\t<div class=\"elementor-icon-box-content\">\n\n\t\t\t\t\t\t\t\t\t<h3 class=\"elementor-icon-box-title\">\n\t\t\t\t\t\t<span  >\n\t\t\t\t\t\t\tProduct software\t\t\t\t\t\t<\/span>\n\t\t\t\t\t<\/h3>\n\t\t\t\t\n\t\t\t\t\n\t\t\t<\/div>\n\t\t\t\n\t\t<\/div>\n\t\t\t\t\t\t<\/div>\n\t\t\t\t<\/div>\n\t\t\t\t<div class=\"elementor-element elementor-element-0fd99f4 elementor-view-default elementor-position-top elementor-mobile-position-top elementor-widget elementor-widget-icon-box\" data-id=\"0fd99f4\" data-element_type=\"widget\" data-widget_type=\"icon-box.default\">\n\t\t\t\t<div class=\"elementor-widget-container\">\n\t\t\t\t\t\t\t<div class=\"elementor-icon-box-wrapper\">\n\n\t\t\t\t\t\t<div class=\"elementor-icon-box-icon\">\n\t\t\t\t<span  class=\"elementor-icon\">\n\t\t\t\t<i aria-hidden=\"true\" class=\"icon icon-aplicaciones_moviles\"><\/i>\t\t\t\t<\/span>\n\t\t\t<\/div>\n\t\t\t\n\t\t\t\t\t\t<div class=\"elementor-icon-box-content\">\n\n\t\t\t\t\t\t\t\t\t<h3 class=\"elementor-icon-box-title\">\n\t\t\t\t\t\t<span  >\n\t\t\t\t\t\t\tMobile applications\t\t\t\t\t\t<\/span>\n\t\t\t\t\t<\/h3>\n\t\t\t\t\n\t\t\t\t\n\t\t\t<\/div>\n\t\t\t\n\t\t<\/div>\n\t\t\t\t\t\t<\/div>\n\t\t\t\t<\/div>\n\t\t\t\t<div class=\"elementor-element elementor-element-ff73822 elementor-view-default elementor-position-top elementor-mobile-position-top elementor-widget elementor-widget-icon-box\" data-id=\"ff73822\" data-element_type=\"widget\" data-widget_type=\"icon-box.default\">\n\t\t\t\t<div class=\"elementor-widget-container\">\n\t\t\t\t\t\t\t<div class=\"elementor-icon-box-wrapper\">\n\n\t\t\t\t\t\t<div class=\"elementor-icon-box-icon\">\n\t\t\t\t<span  class=\"elementor-icon\">\n\t\t\t\t<i aria-hidden=\"true\" class=\"icon icon-aplicaciones_de_distribucion\"><\/i>\t\t\t\t<\/span>\n\t\t\t<\/div>\n\t\t\t\n\t\t\t\t\t\t<div class=\"elementor-icon-box-content\">\n\n\t\t\t\t\t\t\t\t\t<h3 class=\"elementor-icon-box-title\">\n\t\t\t\t\t\t<span  >\n\t\t\t\t\t\t\tDistribution applications\t\t\t\t\t\t<\/span>\n\t\t\t\t\t<\/h3>\n\t\t\t\t\n\t\t\t\t\n\t\t\t<\/div>\n\t\t\t\n\t\t<\/div>\n\t\t\t\t\t\t<\/div>\n\t\t\t\t<\/div>\n\t\t\t\t<\/div>\n\t\t\t\t<\/div>\n\t\t<div class=\"elementor-element elementor-element-23cc0f9 e-con-full e-flex e-con e-child\" data-id=\"23cc0f9\" data-element_type=\"container\">\n\t\t\t\t<div class=\"elementor-element elementor-element-cf68258 elementor-widget elementor-widget-video\" data-id=\"cf68258\" data-element_type=\"widget\" data-settings=\"{&quot;youtube_url&quot;:&quot;https:\\\/\\\/youtu.be\\\/zDsC5JOqEgM&quot;,&quot;loop&quot;:&quot;yes&quot;,&quot;video_type&quot;:&quot;youtube&quot;}\" data-widget_type=\"video.default\">\n\t\t\t\t<div class=\"elementor-widget-container\">\n\t\t\t\t\t\t\t<div class=\"elementor-wrapper elementor-open-inline\">\n\t\t\t<div class=\"elementor-video\"><\/div>\t\t<\/div>\n\t\t\t\t\t\t<\/div>\n\t\t\t\t<\/div>\n\t\t\t\t<\/div>\n\t\t\t\t<\/div>\n\t\t<div class=\"elementor-element elementor-element-a57e754 humano-gray-bg humano-container e-flex e-con-boxed e-con e-parent\" data-id=\"a57e754\" data-element_type=\"container\">\n\t\t\t\t\t<div class=\"e-con-inner\">\n\t\t<div class=\"elementor-element elementor-element-84d663a e-con-full e-flex e-con e-child\" data-id=\"84d663a\" data-element_type=\"container\">\n\t\t\t\t<div class=\"elementor-element elementor-element-7e8e564 humano-img elementor-widget elementor-widget-image\" data-id=\"7e8e564\" data-element_type=\"widget\" data-widget_type=\"image.default\">\n\t\t\t\t<div class=\"elementor-widget-container\">\n\t\t\t\t\t\t\t\t\t\t\t\t\t\t\t<img fetchpriority=\"high\" decoding=\"async\" width=\"1080\" height=\"758\" src=\"https:\/\/mashumanoconsultores.com\/wp-content\/uploads\/2024\/12\/Sesion-Corporativa-Jul-2022-055-31-3.webp\" class=\"attachment-full size-full wp-image-696\" alt=\"\" srcset=\"https:\/\/mashumanoconsultores.com\/wp-content\/uploads\/2024\/12\/Sesion-Corporativa-Jul-2022-055-31-3.webp 1080w, https:\/\/mashumanoconsultores.com\/wp-content\/uploads\/2024\/12\/Sesion-Corporativa-Jul-2022-055-31-3-300x211.webp 300w, https:\/\/mashumanoconsultores.com\/wp-content\/uploads\/2024\/12\/Sesion-Corporativa-Jul-2022-055-31-3-1024x719.webp 1024w, https:\/\/mashumanoconsultores.com\/wp-content\/uploads\/2024\/12\/Sesion-Corporativa-Jul-2022-055-31-3-768x539.webp 768w\" sizes=\"(max-width: 1080px) 100vw, 1080px\" \/>\t\t\t\t\t\t\t\t\t\t\t\t\t\t\t<\/div>\n\t\t\t\t<\/div>\n\t\t\t\t<\/div>\n\t\t<div class=\"elementor-element elementor-element-3bd6183 e-con-full e-flex e-con e-child\" data-id=\"3bd6183\" data-element_type=\"container\">\n\t\t\t\t<div class=\"elementor-element elementor-element-02e0343 elementor-widget elementor-widget-html\" data-id=\"02e0343\" data-element_type=\"widget\" data-widget_type=\"html.default\">\n\t\t\t\t<div class=\"elementor-widget-container\">\n\t\t\t\t\t<h2 class=\"color-gradient\">Our Mission<\/h2>\n<p>Develop innovative and specialized technological solutions that enhance the operational efficiency of our clients, combining advanced technology with comprehensive and human support, generating precise and timely information to support strategic decisions that promote sustainable growth and business success.<\/p>\n<h2 class=\"color-gradient\">Our Vision<\/h2>\n<p>By 2030, we aim to be leaders in the design of specialized technological solutions, recognized nationally and internationally as strategic allies that combine innovation, human warmth and comprehensive support in digital transformation and process optimization, generating a positive and sustainable impact on business decision-making and the way in which companies face their operational and strategic challenges.<\/p>\n\t\t\t\t<\/div>\n\t\t\t\t<\/div>\n\t\t\t\t<\/div>\n\t\t<div class=\"elementor-element elementor-element-96de16c e-con-full e-flex e-con e-child\" data-id=\"96de16c\" data-element_type=\"container\">\n\t\t\t\t<div class=\"elementor-element elementor-element-fd7b468 elementor-widget elementor-widget-html\" data-id=\"fd7b468\" data-element_type=\"widget\" data-widget_type=\"html.default\">\n\t\t\t\t<div class=\"elementor-widget-container\">\n\t\t\t\t\t<h2 class=\"color-gradient\">Our Consultants<\/h2>\n<p>We have a professional team of highly trained consultants with extensive experience in the development of applications in PHP, .Net and Java, systems integration, database engine management, process analysis and project management under different methodologies, implementation, development and support of the Cegid-Meta4 PeopleNet Human Resources and Payroll system. In addition, our consultants are distinguished by their human warmth, commitment and sensitivity to understand and live the challenges of our clients. We accompany each technological implementation with comprehensive consulting, ensuring that the solutions are not only functional, but also transformative and aligned with the human needs of each organization.<\/p>\t\t\t\t<\/div>\n\t\t\t\t<\/div>\n\t\t\t\t<\/div>\n\t\t<div class=\"elementor-element elementor-element-a06991f e-con-full e-flex e-con e-child\" data-id=\"a06991f\" data-element_type=\"container\">\n\t\t\t\t<div class=\"elementor-element elementor-element-1ef53e8 humano-img elementor-widget elementor-widget-image\" data-id=\"1ef53e8\" data-element_type=\"widget\" data-widget_type=\"image.default\">\n\t\t\t\t<div class=\"elementor-widget-container\">\n\t\t\t\t\t\t\t\t\t\t\t\t\t\t\t<img decoding=\"async\" width=\"1080\" height=\"608\" src=\"https:\/\/mashumanoconsultores.com\/wp-content\/uploads\/2025\/01\/consultoria_en_ti.webp\" class=\"attachment-full size-full wp-image-989\" alt=\"\" srcset=\"https:\/\/mashumanoconsultores.com\/wp-content\/uploads\/2025\/01\/consultoria_en_ti.webp 1080w, https:\/\/mashumanoconsultores.com\/wp-content\/uploads\/2025\/01\/consultoria_en_ti-300x169.webp 300w, https:\/\/mashumanoconsultores.com\/wp-content\/uploads\/2025\/01\/consultoria_en_ti-1024x576.webp 1024w, https:\/\/mashumanoconsultores.com\/wp-content\/uploads\/2025\/01\/consultoria_en_ti-768x432.webp 768w\" sizes=\"(max-width: 1080px) 100vw, 1080px\" \/>\t\t\t\t\t\t\t\t\t\t\t\t\t\t\t<\/div>\n\t\t\t\t<\/div>\n\t\t\t\t<\/div>\n\t\t<div class=\"elementor-element elementor-element-966f3a5 e-con-full e-flex e-con e-child\" data-id=\"966f3a5\" data-element_type=\"container\">\n\t\t\t\t<div class=\"elementor-element elementor-element-1a8e03c humano-img elementor-widget elementor-widget-image\" data-id=\"1a8e03c\" data-element_type=\"widget\" data-widget_type=\"image.default\">\n\t\t\t\t<div class=\"elementor-widget-container\">\n\t\t\t\t\t\t\t\t\t\t\t\t\t\t\t<img decoding=\"async\" width=\"1400\" height=\"603\" src=\"https:\/\/mashumanoconsultores.com\/wp-content\/uploads\/2025\/01\/mas_humano_people.webp\" class=\"attachment-full size-full wp-image-988\" alt=\"\" srcset=\"https:\/\/mashumanoconsultores.com\/wp-content\/uploads\/2025\/01\/mas_humano_people.webp 1400w, https:\/\/mashumanoconsultores.com\/wp-content\/uploads\/2025\/01\/mas_humano_people-300x129.webp 300w, https:\/\/mashumanoconsultores.com\/wp-content\/uploads\/2025\/01\/mas_humano_people-1024x441.webp 1024w, https:\/\/mashumanoconsultores.com\/wp-content\/uploads\/2025\/01\/mas_humano_people-768x331.webp 768w\" sizes=\"(max-width: 1400px) 100vw, 1400px\" \/>\t\t\t\t\t\t\t\t\t\t\t\t\t\t\t<\/div>\n\t\t\t\t<\/div>\n\t\t\t\t<\/div>\n\t\t\t\t\t<\/div>\n\t\t\t\t<\/div>\n\t\t\t\t<\/div>","protected":false},"excerpt":{"rendered":"<p>Quienes somos +Humano Consultores es su aliado estrat\u00e9gico en la ejecuci\u00f3n de proyectos de tecnolog\u00eda Optimizamos procesos de negocios y mejoramos la productividad, ofreciendo soluciones integrales a clientes de diferentes sectores del mercado mediante desarrollo de: Software a la medida Software de producto Aplicaciones m\u00f3viles Aplicaciones de distribuci\u00f3n Nuestra Misi\u00f3n Desarrollar soluciones tecnol\u00f3gicas innovadoras y [&hellip;]<\/p>","protected":false},"author":1,"featured_media":0,"parent":0,"menu_order":0,"comment_status":"closed","ping_status":"closed","template":"","meta":{"footnotes":""},"class_list":["post-134","page","type-page","status-publish","hentry"],"aioseo_notices":[],"_links":{"self":[{"href":"https:\/\/mashumanoconsultores.com\/en\/wp-json\/wp\/v2\/pages\/134","targetHints":{"allow":["GET"]}}],"collection":[{"href":"https:\/\/mashumanoconsultores.com\/en\/wp-json\/wp\/v2\/pages"}],"about":[{"href":"https:\/\/mashumanoconsultores.com\/en\/wp-json\/wp\/v2\/types\/page"}],"author":[{"embeddable":true,"href":"https:\/\/mashumanoconsultores.com\/en\/wp-json\/wp\/v2\/users\/1"}],"replies":[{"embeddable":true,"href":"https:\/\/mashumanoconsultores.com\/en\/wp-json\/wp\/v2\/comments?post=134"}],"version-history":[{"count":166,"href":"https:\/\/mashumanoconsultores.com\/en\/wp-json\/wp\/v2\/pages\/134\/revisions"}],"predecessor-version":[{"id":1855,"href":"https:\/\/mashumanoconsultores.com\/en\/wp-json\/wp\/v2\/pages\/134\/revisions\/1855"}],"wp:attachment":[{"href":"https:\/\/mashumanoconsultores.com\/en\/wp-json\/wp\/v2\/media?parent=134"}],"curies":[{"name":"wp","href":"https:\/\/api.w.org\/{rel}","templated":true}]}}