{"id":1533,"date":"2025-01-27T04:04:59","date_gmt":"2025-01-27T04:04:59","guid":{"rendered":"https:\/\/mashumanoconsultores.com\/?page_id=1533"},"modified":"2025-03-22T22:24:25","modified_gmt":"2025-03-22T22:24:25","slug":"optimus-suite","status":"publish","type":"page","link":"https:\/\/mashumanoconsultores.com\/en\/optimus-suite\/","title":{"rendered":"Optimus Suite"},"content":{"rendered":"<div data-elementor-type=\"wp-page\" data-elementor-id=\"1533\" class=\"elementor elementor-1533\" data-elementor-post-type=\"page\">\n\t\t\t\t<div class=\"elementor-element elementor-element-388e7e4 e-flex e-con-boxed e-con e-parent\" data-id=\"388e7e4\" data-element_type=\"container\" data-settings=\"{&quot;background_background&quot;:&quot;classic&quot;}\">\n\t\t\t\t\t<div class=\"e-con-inner\">\n\t\t\t\t<div class=\"elementor-element elementor-element-24fbc55 elementor-widget elementor-widget-image\" data-id=\"24fbc55\" data-element_type=\"widget\" data-widget_type=\"image.default\">\n\t\t\t\t<div class=\"elementor-widget-container\">\n\t\t\t\t\t\t\t\t\t\t\t\t\t\t\t<img fetchpriority=\"high\" decoding=\"async\" width=\"800\" height=\"210\" src=\"https:\/\/mashumanoconsultores.com\/wp-content\/uploads\/2024\/11\/optimus-suite-white.svg\" class=\"attachment-large size-large wp-image-669\" alt=\"Optimus Suite Logo\" \/>\t\t\t\t\t\t\t\t\t\t\t\t\t\t\t<\/div>\n\t\t\t\t<\/div>\n\t\t\t\t<div class=\"elementor-element elementor-element-1e154c5 elementor-widget elementor-widget-html\" data-id=\"1e154c5\" data-element_type=\"widget\" data-widget_type=\"html.default\">\n\t\t\t\t<div class=\"elementor-widget-container\">\n\t\t\t\t\t<div style=\"text-align:center;\"><h4 style=\"color: var(--e-global-color-81a0bc5);\">Modular web system that enhances your organization's current information systems to optimize resources and improve productivity.<\/h4>\n<a href=\"https:\/\/web.whatsapp.com\/send?phone=573158331051&text=\" class=\"humano-boton\" alt=\"\" target=\"_blank\">Contact Us<\/a><\/div>\t\t\t\t<\/div>\n\t\t\t\t<\/div>\n\t\t\t\t\t<\/div>\n\t\t\t\t<\/div>\n\t\t<div class=\"elementor-element elementor-element-d23620a humano-container humano-gray-bg e-flex e-con-boxed e-con e-parent\" data-id=\"d23620a\" data-element_type=\"container\">\n\t\t\t\t\t<div class=\"e-con-inner\">\n\t\t\t\t<div class=\"elementor-element elementor-element-aab069a elementor-widget elementor-widget-html\" data-id=\"aab069a\" data-element_type=\"widget\" data-widget_type=\"html.default\">\n\t\t\t\t<div class=\"elementor-widget-container\">\n\t\t\t\t\t<h2 style=\"text-align:center;\">Our solution<h2>\n<h3 style=\"text-align:center;\">Solve these and more problems in your HR and Payroll areas<\/h3>\n<div class=\"humano-optimus-cards\">\n<div>\n    <h4>Congested care areas<\/h4>\n    <ul>\n        <li>High volume of requests for employee employment data.<\/li>\n        <li>Geographical dispersion of your organization.<\/li>\n        <li>Excessive use of paper and physical documentation.<\/li>\n        <li>Human resources dedicated to customer service.<\/li>\n    <\/ul>\n<\/div>\n<div>\n    <h4>Lack of control in processes<\/h4>\n    <ul>\n        <li>Lack of a highly available traceability medium.<\/li>\n        <li>You don't know the status of your HR and Payroll processes.<\/li>\n        <li>You can't make timely decisions.<\/li>\n    <\/ul>\n<\/div>\n<div>\n    <h4>Timeouts<\/h4>\n    <ul>\n        <li>Delay in consolidating personnel and payroll information.<\/li>\n        <li>Delay in generating operational reports for the areas.<\/li>\n        <li>Congestion in the area responsible for delivering information.<\/li>\n    <\/ul>\n<\/div>\n<div>\n    <h4>Loss of disability portfolio<\/h4>\n    <ul>\n        <li>Loss of money due to failure to monitor and follow up on your disability portfolio.<\/li>\n        <li>Inefficient management of ARL and EPS entities<\/li>\n        <li>It does not identify staff with a high rate of absenteeism due to disability.<\/li>\n    <\/ul>\n<\/div>\n<div>\n    <h4>Inefficient personnel management<\/h4>\n    <ul>\n        <li>Lack of organized, consolidated and timely information on the personnel plant.<\/li>\n        <li>High manual operation of the contracting area.<\/li>\n    <\/ul>\n<\/div>\n<div style=\"border:solid 3px var( --e-global-color-accent ); align-content: center; text-align:center;\">\n    <h3>Everything your company needs<\/h3>\n    <a href=\"https:\/\/web.whatsapp.com\/send?phone=573158331051&text=\" class=\"humano-boton\" alt=\"\" target=\"_blank\">Know the solution<\/a>\n<\/div>\n<\/div>\t\t\t\t<\/div>\n\t\t\t\t<\/div>\n\t\t\t\t\t<\/div>\n\t\t\t\t<\/div>\n\t\t<div class=\"elementor-element elementor-element-8ffedf9 e-flex e-con-boxed e-con e-parent\" data-id=\"8ffedf9\" data-element_type=\"container\" data-settings=\"{&quot;background_background&quot;:&quot;classic&quot;,&quot;shape_divider_bottom&quot;:&quot;arrow&quot;}\">\n\t\t\t\t\t<div class=\"e-con-inner\">\n\t\t\t\t<div class=\"elementor-shape elementor-shape-bottom\" data-negative=\"false\">\n\t\t\t<svg xmlns=\"http:\/\/www.w3.org\/2000\/svg\" viewbox=\"0 0 700 10\" preserveaspectratio=\"none\">\n\t<path class=\"elementor-shape-fill\" d=\"M350,10L340,0h20L350,10z\"\/>\n<\/svg>\t\t<\/div>\n\t\t\t\t<div class=\"elementor-element elementor-element-00df35e elementor-widget elementor-widget-html\" data-id=\"00df35e\" data-element_type=\"widget\" data-widget_type=\"html.default\">\n\t\t\t\t<div class=\"elementor-widget-container\">\n\t\t\t\t\t<h3 style=\"text-align:center; line-height:1em;\">Learn about our Optimus modules that will help you<br\/><span style=\"font-size:1.8em;line-height:1em;\">optimize time and make better decisions<\/span><\/h3>\t\t\t\t<\/div>\n\t\t\t\t<\/div>\n\t\t\t\t\t<\/div>\n\t\t\t\t<\/div>\n\t\t<div class=\"elementor-element elementor-element-336cb90 humano-container e-flex e-con-boxed e-con e-parent\" data-id=\"336cb90\" data-element_type=\"container\" data-settings=\"{&quot;background_background&quot;:&quot;classic&quot;}\">\n\t\t\t\t\t<div class=\"e-con-inner\">\n\t\t\t\t<div class=\"elementor-element elementor-element-0c7e1a0 elementor-widget elementor-widget-image\" data-id=\"0c7e1a0\" data-element_type=\"widget\" data-widget_type=\"image.default\">\n\t\t\t\t<div class=\"elementor-widget-container\">\n\t\t\t\t\t\t\t\t\t\t\t\t\t\t\t<img decoding=\"async\" width=\"1101\" height=\"678\" src=\"https:\/\/mashumanoconsultores.com\/wp-content\/uploads\/2025\/01\/portal-autogestion2.jpg\" class=\"attachment-full size-full wp-image-1600\" alt=\"\" srcset=\"https:\/\/mashumanoconsultores.com\/wp-content\/uploads\/2025\/01\/portal-autogestion2.jpg 1101w, https:\/\/mashumanoconsultores.com\/wp-content\/uploads\/2025\/01\/portal-autogestion2-300x185.jpg 300w, https:\/\/mashumanoconsultores.com\/wp-content\/uploads\/2025\/01\/portal-autogestion2-1024x631.jpg 1024w, https:\/\/mashumanoconsultores.com\/wp-content\/uploads\/2025\/01\/portal-autogestion2-768x473.jpg 768w, https:\/\/mashumanoconsultores.com\/wp-content\/uploads\/2025\/01\/portal-autogestion2-18x12.jpg 18w\" sizes=\"(max-width: 1101px) 100vw, 1101px\" \/>\t\t\t\t\t\t\t\t\t\t\t\t\t\t\t<\/div>\n\t\t\t\t<\/div>\n\t\t\t\t<div class=\"elementor-element elementor-element-cb144f3 humano-optimus-services elementor-widget elementor-widget-html\" data-id=\"cb144f3\" data-element_type=\"widget\" data-widget_type=\"html.default\">\n\t\t\t\t<div class=\"elementor-widget-container\">\n\t\t\t\t\t<h3>Self-management portal<\/h3>\n<h5>Features:<\/h5>\n<ul>\n    <li>Check and update your personal and work information.<\/li>\n    <li>Download your payroll receipts.<\/li>\n    <li>Obtain your employment letter and income and withholding certificate.<\/li>\n    <li>Request vacations and permits.<\/li>\n<\/ul>\n<h5>Benefits:<\/h5>\n<ul>\n    <li>Increase the productivity and efficiency of your area and employees.<\/li>\n    <li>Reduces operational load.<\/li>\n    <li>Get greater reach and geographic coverage.<\/li>\n<\/ul>\n<a href=\"https:\/\/web.whatsapp.com\/send?phone=573158331051&text=\" class=\"humano-boton\" alt=\"\" target=\"_blank\">More information<\/a>\t\t\t\t<\/div>\n\t\t\t\t<\/div>\n\t\t\t\t\t<\/div>\n\t\t\t\t<\/div>\n\t\t<div class=\"elementor-element elementor-element-a0a2d9d humano-container e-flex e-con-boxed e-con e-parent\" data-id=\"a0a2d9d\" data-element_type=\"container\" data-settings=\"{&quot;background_background&quot;:&quot;classic&quot;}\">\n\t\t\t\t\t<div class=\"e-con-inner\">\n\t\t\t\t<div class=\"elementor-element elementor-element-f1a0d70 humano-optimus-services elementor-widget elementor-widget-html\" data-id=\"f1a0d70\" data-element_type=\"widget\" data-widget_type=\"html.default\">\n\t\t\t\t<div class=\"elementor-widget-container\">\n\t\t\t\t\t<h3>Control panels<\/h3>\n<h5>Features:<\/h5>\n<ul>\n    <li>Check the value of your payroll for a given period.<\/li>\n    <li>Know the turnover rates and status of your active workforce.<\/li>\n    <li>View statistics on overtime, sick leave, and vacation time.<\/li>\n<\/ul>\n<h5>Benefits:<\/h5>\n<ul>\n    <li>Real-time monitoring of your processes (7x24).<\/li>\n    <li>Dynamic generation of information in a graphical manner.<\/li>\n    <li>Opportunity in decision-making.<\/li>\n<\/ul>\n<a href=\"https:\/\/web.whatsapp.com\/send?phone=573158331051&text=\" class=\"humano-boton\" alt=\"\" target=\"_blank\">More information<\/a>\t\t\t\t<\/div>\n\t\t\t\t<\/div>\n\t\t\t\t<div class=\"elementor-element elementor-element-d5063e2 elementor-widget elementor-widget-image\" data-id=\"d5063e2\" data-element_type=\"widget\" data-widget_type=\"image.default\">\n\t\t\t\t<div class=\"elementor-widget-container\">\n\t\t\t\t\t\t\t\t\t\t\t\t\t\t\t<img decoding=\"async\" width=\"1101\" height=\"678\" src=\"https:\/\/mashumanoconsultores.com\/wp-content\/uploads\/2025\/01\/tableros-de-control3.jpg\" class=\"attachment-full size-full wp-image-1610\" alt=\"\" srcset=\"https:\/\/mashumanoconsultores.com\/wp-content\/uploads\/2025\/01\/tableros-de-control3.jpg 1101w, https:\/\/mashumanoconsultores.com\/wp-content\/uploads\/2025\/01\/tableros-de-control3-300x185.jpg 300w, https:\/\/mashumanoconsultores.com\/wp-content\/uploads\/2025\/01\/tableros-de-control3-1024x631.jpg 1024w, https:\/\/mashumanoconsultores.com\/wp-content\/uploads\/2025\/01\/tableros-de-control3-768x473.jpg 768w, https:\/\/mashumanoconsultores.com\/wp-content\/uploads\/2025\/01\/tableros-de-control3-18x12.jpg 18w\" sizes=\"(max-width: 1101px) 100vw, 1101px\" \/>\t\t\t\t\t\t\t\t\t\t\t\t\t\t\t<\/div>\n\t\t\t\t<\/div>\n\t\t\t\t\t<\/div>\n\t\t\t\t<\/div>\n\t\t<div class=\"elementor-element elementor-element-1ddce95 humano-container e-flex e-con-boxed e-con e-parent\" data-id=\"1ddce95\" data-element_type=\"container\" data-settings=\"{&quot;background_background&quot;:&quot;classic&quot;}\">\n\t\t\t\t\t<div class=\"e-con-inner\">\n\t\t\t\t<div class=\"elementor-element elementor-element-e20e16f elementor-widget elementor-widget-image\" data-id=\"e20e16f\" data-element_type=\"widget\" data-widget_type=\"image.default\">\n\t\t\t\t<div class=\"elementor-widget-container\">\n\t\t\t\t\t\t\t\t\t\t\t\t\t\t\t<img loading=\"lazy\" decoding=\"async\" width=\"1101\" height=\"678\" src=\"https:\/\/mashumanoconsultores.com\/wp-content\/uploads\/2025\/01\/optimizacion-de-reportes2.jpg\" class=\"attachment-full size-full wp-image-1611\" alt=\"\" srcset=\"https:\/\/mashumanoconsultores.com\/wp-content\/uploads\/2025\/01\/optimizacion-de-reportes2.jpg 1101w, https:\/\/mashumanoconsultores.com\/wp-content\/uploads\/2025\/01\/optimizacion-de-reportes2-300x185.jpg 300w, https:\/\/mashumanoconsultores.com\/wp-content\/uploads\/2025\/01\/optimizacion-de-reportes2-1024x631.jpg 1024w, https:\/\/mashumanoconsultores.com\/wp-content\/uploads\/2025\/01\/optimizacion-de-reportes2-768x473.jpg 768w, https:\/\/mashumanoconsultores.com\/wp-content\/uploads\/2025\/01\/optimizacion-de-reportes2-18x12.jpg 18w\" sizes=\"(max-width: 1101px) 100vw, 1101px\" \/>\t\t\t\t\t\t\t\t\t\t\t\t\t\t\t<\/div>\n\t\t\t\t<\/div>\n\t\t\t\t<div class=\"elementor-element elementor-element-f8f7800 humano-optimus-services elementor-widget elementor-widget-html\" data-id=\"f8f7800\" data-element_type=\"widget\" data-widget_type=\"html.default\">\n\t\t\t\t<div class=\"elementor-widget-container\">\n\t\t\t\t\t<h3>Report optimization<\/h3>\n<h5>Features:<\/h5>\n<ul>\n    <li>Get accrued payroll reports in seconds.<\/li>\n    <li>Generate the staff report quickly.<\/li>\n    <li>Download payroll receipts en masse in a short time.<\/li>\n<\/ul>\n<h5>Benefits:<\/h5>\n<ul>\n    <li>Reduces response times in information processing.<\/li>\n    <li>Deliver timely information. Generate reports in seconds.<\/li>\n    <li>Increase productivity.<\/li>\n<\/ul>\n<a href=\"https:\/\/web.whatsapp.com\/send?phone=573158331051&text=\" class=\"humano-boton\" alt=\"\" target=\"_blank\">More information<\/a>\t\t\t\t<\/div>\n\t\t\t\t<\/div>\n\t\t\t\t\t<\/div>\n\t\t\t\t<\/div>\n\t\t<div class=\"elementor-element elementor-element-f4fb609 humano-container e-flex e-con-boxed e-con e-parent\" data-id=\"f4fb609\" data-element_type=\"container\" data-settings=\"{&quot;background_background&quot;:&quot;classic&quot;}\">\n\t\t\t\t\t<div class=\"e-con-inner\">\n\t\t\t\t<div class=\"elementor-element elementor-element-85fbde1 humano-optimus-services elementor-widget elementor-widget-html\" data-id=\"85fbde1\" data-element_type=\"widget\" data-widget_type=\"html.default\">\n\t\t\t\t<div class=\"elementor-widget-container\">\n\t\t\t\t\t<h3>Disability recovery<\/h3>\n<h5>Features:<\/h5>\n<ul>\n    <li>Captures the values \u200b\u200brecovered from the entities.<\/li>\n    <li>Records the management of disability payments made to EPS and ARL.<\/li>\n    <li>Get disability recovery status reports.<\/li>\n<\/ul>\n<h5>Benefits:<\/h5>\n<ul>\n    <li>Recovery of company costs.<\/li>\n    <li>Traceability of disability information.<\/li>\n    <li>Reports for the occupational health and safety management system.<\/li>\n<\/ul>\n<a href=\"https:\/\/web.whatsapp.com\/send?phone=573158331051&text=\" class=\"humano-boton\" alt=\"\" target=\"_blank\">More information<\/a>\t\t\t\t<\/div>\n\t\t\t\t<\/div>\n\t\t\t\t<div class=\"elementor-element elementor-element-c0e1376 elementor-widget elementor-widget-image\" data-id=\"c0e1376\" data-element_type=\"widget\" data-widget_type=\"image.default\">\n\t\t\t\t<div class=\"elementor-widget-container\">\n\t\t\t\t\t\t\t\t\t\t\t\t\t\t\t<img loading=\"lazy\" decoding=\"async\" width=\"1101\" height=\"678\" src=\"https:\/\/mashumanoconsultores.com\/wp-content\/uploads\/2025\/01\/recuperacion-de-incapacidades.jpg\" class=\"attachment-full size-full wp-image-1615\" alt=\"\" srcset=\"https:\/\/mashumanoconsultores.com\/wp-content\/uploads\/2025\/01\/recuperacion-de-incapacidades.jpg 1101w, https:\/\/mashumanoconsultores.com\/wp-content\/uploads\/2025\/01\/recuperacion-de-incapacidades-300x185.jpg 300w, https:\/\/mashumanoconsultores.com\/wp-content\/uploads\/2025\/01\/recuperacion-de-incapacidades-1024x631.jpg 1024w, https:\/\/mashumanoconsultores.com\/wp-content\/uploads\/2025\/01\/recuperacion-de-incapacidades-768x473.jpg 768w, https:\/\/mashumanoconsultores.com\/wp-content\/uploads\/2025\/01\/recuperacion-de-incapacidades-18x12.jpg 18w\" sizes=\"(max-width: 1101px) 100vw, 1101px\" \/>\t\t\t\t\t\t\t\t\t\t\t\t\t\t\t<\/div>\n\t\t\t\t<\/div>\n\t\t\t\t\t<\/div>\n\t\t\t\t<\/div>\n\t\t<div class=\"elementor-element elementor-element-c503ba0 humano-container e-flex e-con-boxed e-con e-parent\" data-id=\"c503ba0\" data-element_type=\"container\" data-settings=\"{&quot;background_background&quot;:&quot;classic&quot;}\">\n\t\t\t\t\t<div class=\"e-con-inner\">\n\t\t\t\t<div class=\"elementor-element elementor-element-035f736 elementor-widget elementor-widget-image\" data-id=\"035f736\" data-element_type=\"widget\" data-widget_type=\"image.default\">\n\t\t\t\t<div class=\"elementor-widget-container\">\n\t\t\t\t\t\t\t\t\t\t\t\t\t\t\t<img loading=\"lazy\" decoding=\"async\" width=\"1101\" height=\"678\" src=\"https:\/\/mashumanoconsultores.com\/wp-content\/uploads\/2025\/01\/gestion-de-talento-humano.jpg\" class=\"attachment-full size-full wp-image-1619\" alt=\"\" srcset=\"https:\/\/mashumanoconsultores.com\/wp-content\/uploads\/2025\/01\/gestion-de-talento-humano.jpg 1101w, https:\/\/mashumanoconsultores.com\/wp-content\/uploads\/2025\/01\/gestion-de-talento-humano-300x185.jpg 300w, https:\/\/mashumanoconsultores.com\/wp-content\/uploads\/2025\/01\/gestion-de-talento-humano-1024x631.jpg 1024w, https:\/\/mashumanoconsultores.com\/wp-content\/uploads\/2025\/01\/gestion-de-talento-humano-768x473.jpg 768w, https:\/\/mashumanoconsultores.com\/wp-content\/uploads\/2025\/01\/gestion-de-talento-humano-18x12.jpg 18w\" sizes=\"(max-width: 1101px) 100vw, 1101px\" \/>\t\t\t\t\t\t\t\t\t\t\t\t\t\t\t<\/div>\n\t\t\t\t<\/div>\n\t\t\t\t<div class=\"elementor-element elementor-element-1eab07b humano-optimus-services elementor-widget elementor-widget-html\" data-id=\"1eab07b\" data-element_type=\"widget\" data-widget_type=\"html.default\">\n\t\t\t\t<div class=\"elementor-widget-container\">\n\t\t\t\t\t<h3>Human talent management<\/h3>\n<h5>Features:<\/h5>\n<ul>\n    <li>Generate your organizational structure (organizational chart).<\/li>\n    <li>Store your employees' personal and work data.<\/li>\n    <li>Conduct a performance evaluation of your staff.<\/li>\n<\/ul>\n<h5>Benefits:<\/h5>\n<ul>\n    <li>Consolidation of information.<\/li>\n    <li>Improve internal communication.<\/li>\n    <li>Management and monitoring of staff hiring and retirement processes.<\/li>\n<\/ul>\n<a href=\"https:\/\/web.whatsapp.com\/send?phone=573158331051&text=\" class=\"humano-boton\" alt=\"\" target=\"_blank\">More information<\/a>\t\t\t\t<\/div>\n\t\t\t\t<\/div>\n\t\t\t\t\t<\/div>\n\t\t\t\t<\/div>\n\t\t<div class=\"elementor-element elementor-element-8a4af75 e-flex e-con-boxed e-con e-parent\" data-id=\"8a4af75\" data-element_type=\"container\">\n\t\t\t\t\t<div class=\"e-con-inner\">\n\t\t\t\t<div class=\"elementor-element elementor-element-af5d3cd elementor-widget elementor-widget-image\" data-id=\"af5d3cd\" data-element_type=\"widget\" data-widget_type=\"image.default\">\n\t\t\t\t<div class=\"elementor-widget-container\">\n\t\t\t\t\t\t\t\t\t\t\t\t\t\t\t<img loading=\"lazy\" decoding=\"async\" width=\"684\" height=\"179\" src=\"https:\/\/mashumanoconsultores.com\/wp-content\/uploads\/2024\/11\/OptimusSuite.svg\" class=\"attachment-full size-full wp-image-526\" alt=\"Optimus Suite Logo\" \/>\t\t\t\t\t\t\t\t\t\t\t\t\t\t\t<\/div>\n\t\t\t\t<\/div>\n\t\t<div class=\"elementor-element elementor-element-b90c21a e-con-full e-flex e-con e-child\" data-id=\"b90c21a\" data-element_type=\"container\">\n\t\t\t\t<div class=\"elementor-element elementor-element-11d9365 elementor-align-center elementor-widget__width-inherit elementor-widget elementor-widget-button\" data-id=\"11d9365\" data-element_type=\"widget\" data-widget_type=\"button.default\">\n\t\t\t\t<div class=\"elementor-widget-container\">\n\t\t\t\t\t\t\t\t\t<div class=\"elementor-button-wrapper\">\n\t\t\t\t\t<a class=\"elementor-button elementor-button-link elementor-size-sm\" href=\"https:\/\/web.whatsapp.com\/send?phone=573158331051&#038;text=\" target=\"_blank\">\n\t\t\t\t\t\t<span class=\"elementor-button-content-wrapper\">\n\t\t\t\t\t\t<span class=\"elementor-button-icon\">\n\t\t\t\t<svg aria-hidden=\"true\" class=\"e-font-icon-svg e-far-comment\" viewbox=\"0 0 512 512\" xmlns=\"http:\/\/www.w3.org\/2000\/svg\"><path d=\"M256 32C114.6 32 0 125.1 0 240c0 47.6 19.9 91.2 52.9 126.3C38 405.7 7 439.1 6.5 439.5c-6.6 7-8.4 17.2-4.6 26S14.4 480 24 480c61.5 0 110-25.7 139.1-46.3C192 442.8 223.2 448 256 448c141.4 0 256-93.1 256-208S397.4 32 256 32zm0 368c-26.7 0-53.1-4.1-78.4-12.1l-22.7-7.2-19.5 13.8c-14.3 10.1-33.9 21.4-57.5 29 7.3-12.1 14.4-25.7 19.9-40.2l10.6-28.1-20.6-21.8C69.7 314.1 48 282.2 48 240c0-88.2 93.3-160 208-160s208 71.8 208 160-93.3 160-208 160z\"><\/path><\/svg>\t\t\t<\/span>\n\t\t\t\t\t\t\t\t\t<span class=\"elementor-button-text\">Contact Us<\/span>\n\t\t\t\t\t<\/span>\n\t\t\t\t\t<\/a>\n\t\t\t\t<\/div>\n\t\t\t\t\t\t\t\t<\/div>\n\t\t\t\t<\/div>\n\t\t\t\t<div class=\"elementor-element elementor-element-f0c2686 elementor-widget elementor-widget-text-editor\" data-id=\"f0c2686\" data-element_type=\"widget\" data-widget_type=\"text-editor.default\">\n\t\t\t\t<div class=\"elementor-widget-container\">\n\t\t\t\t\t\t\t\t\tLet us advise you and show you the benefits we offer at +Humano for your organization. Thank you for your attention and time.\t\t\t\t\t\t\t\t<\/div>\n\t\t\t\t<\/div>\n\t\t\t\t<\/div>\n\t\t\t\t\t<\/div>\n\t\t\t\t<\/div>\n\t\t\t\t<\/div>","protected":false},"excerpt":{"rendered":"<p>Sistema WEB modular que potencializa los sistemas de informaci\u00f3n actuales de su organizaci\u00f3n, para optimizar recursos y mejorar la productividad Cont\u00e1ctanos Nuestra soluci\u00f3n resuelve estas y m\u00e1s problem\u00e1ticas en tus \u00e1reas de RRHH y N\u00f3mina \u00c1reas de atenci\u00f3n congestionadas Alto volumen de solicitudes de datos laborales de colaboradores. Dispersi\u00f3n geogr\u00e1fica de su organizaci\u00f3n. Uso excesivo [&hellip;]<\/p>","protected":false},"author":1,"featured_media":0,"parent":0,"menu_order":0,"comment_status":"closed","ping_status":"closed","template":"","meta":{"footnotes":""},"class_list":["post-1533","page","type-page","status-publish","hentry"],"aioseo_notices":[],"_links":{"self":[{"href":"https:\/\/mashumanoconsultores.com\/en\/wp-json\/wp\/v2\/pages\/1533","targetHints":{"allow":["GET"]}}],"collection":[{"href":"https:\/\/mashumanoconsultores.com\/en\/wp-json\/wp\/v2\/pages"}],"about":[{"href":"https:\/\/mashumanoconsultores.com\/en\/wp-json\/wp\/v2\/types\/page"}],"author":[{"embeddable":true,"href":"https:\/\/mashumanoconsultores.com\/en\/wp-json\/wp\/v2\/users\/1"}],"replies":[{"embeddable":true,"href":"https:\/\/mashumanoconsultores.com\/en\/wp-json\/wp\/v2\/comments?post=1533"}],"version-history":[{"count":82,"href":"https:\/\/mashumanoconsultores.com\/en\/wp-json\/wp\/v2\/pages\/1533\/revisions"}],"predecessor-version":[{"id":1891,"href":"https:\/\/mashumanoconsultores.com\/en\/wp-json\/wp\/v2\/pages\/1533\/revisions\/1891"}],"wp:attachment":[{"href":"https:\/\/mashumanoconsultores.com\/en\/wp-json\/wp\/v2\/media?parent=1533"}],"curies":[{"name":"wp","href":"https:\/\/api.w.org\/{rel}","templated":true}]}}