{"id":202,"date":"2024-10-15T04:45:21","date_gmt":"2024-10-15T04:45:21","guid":{"rendered":"https:\/\/mashumanoconsultores.com\/?page_id=202"},"modified":"2025-03-17T21:24:43","modified_gmt":"2025-03-17T21:24:43","slug":"blog","status":"publish","type":"page","link":"https:\/\/mashumanoconsultores.com\/en\/blog\/","title":{"rendered":"Blog"},"content":{"rendered":"<div data-elementor-type=\"wp-page\" data-elementor-id=\"202\" class=\"elementor elementor-202\" data-elementor-post-type=\"page\">\n\t\t\t\t<div class=\"elementor-element elementor-element-3d68a9f e-flex e-con-boxed e-con e-parent\" data-id=\"3d68a9f\" data-element_type=\"container\">\n\t\t\t\t\t<div class=\"e-con-inner\">\n\t\t\t\t<div class=\"elementor-element elementor-element-71ab2b8 elementor-widget elementor-widget-html\" data-id=\"71ab2b8\" data-element_type=\"widget\" data-widget_type=\"html.default\">\n\t\t\t\t<div class=\"elementor-widget-container\">\n\t\t\t\t\t<h5 class=\"color-gradient\">Learn more with<\/h5>\n<h2 class=\"color-gradient\">our blog<\/h2>\t\t\t\t<\/div>\n\t\t\t\t<\/div>\n\t\t\t\t<div class=\"elementor-element elementor-element-97481e6 elementor-grid-3 elementor-grid-tablet-2 elementor-grid-mobile-1 elementor-posts--thumbnail-top elementor-widget elementor-widget-posts\" data-id=\"97481e6\" data-element_type=\"widget\" data-settings=\"{&quot;classic_columns&quot;:&quot;3&quot;,&quot;classic_columns_tablet&quot;:&quot;2&quot;,&quot;classic_columns_mobile&quot;:&quot;1&quot;,&quot;classic_row_gap&quot;:{&quot;unit&quot;:&quot;px&quot;,&quot;size&quot;:35,&quot;sizes&quot;:[]},&quot;classic_row_gap_tablet&quot;:{&quot;unit&quot;:&quot;px&quot;,&quot;size&quot;:&quot;&quot;,&quot;sizes&quot;:[]},&quot;classic_row_gap_mobile&quot;:{&quot;unit&quot;:&quot;px&quot;,&quot;size&quot;:&quot;&quot;,&quot;sizes&quot;:[]}}\" data-widget_type=\"posts.classic\">\n\t\t\t\t<div class=\"elementor-widget-container\">\n\t\t\t\t\t\t\t<div class=\"elementor-posts-container elementor-posts elementor-posts--skin-classic elementor-grid\">\n\t\t\t\t<article class=\"elementor-post elementor-grid-item post-10 post type-post status-publish format-standard has-post-thumbnail hentry category-uncategorized\">\n\t\t\t\t<a class=\"elementor-post__thumbnail__link\" href=\"https:\/\/mashumanoconsultores.com\/en\/recobro-incapacidades-empresas\/\" tabindex=\"-1\" >\n\t\t\t<div class=\"elementor-post__thumbnail\"><img decoding=\"async\" width=\"300\" height=\"150\" src=\"https:\/\/mashumanoconsultores.com\/wp-content\/uploads\/2024\/10\/sign-slippery-wet-caution-1880x940-1-300x150.jpg\" class=\"attachment-medium size-medium wp-image-1828\" alt=\"\" srcset=\"https:\/\/mashumanoconsultores.com\/wp-content\/uploads\/2024\/10\/sign-slippery-wet-caution-1880x940-1-300x150.jpg 300w, https:\/\/mashumanoconsultores.com\/wp-content\/uploads\/2024\/10\/sign-slippery-wet-caution-1880x940-1-1024x512.jpg 1024w, https:\/\/mashumanoconsultores.com\/wp-content\/uploads\/2024\/10\/sign-slippery-wet-caution-1880x940-1-768x384.jpg 768w, https:\/\/mashumanoconsultores.com\/wp-content\/uploads\/2024\/10\/sign-slippery-wet-caution-1880x940-1-1536x768.jpg 1536w, https:\/\/mashumanoconsultores.com\/wp-content\/uploads\/2024\/10\/sign-slippery-wet-caution-1880x940-1-18x9.jpg 18w, https:\/\/mashumanoconsultores.com\/wp-content\/uploads\/2024\/10\/sign-slippery-wet-caution-1880x940-1.jpg 1880w\" sizes=\"(max-width: 300px) 100vw, 300px\" \/><\/div>\n\t\t<\/a>\n\t\t\t\t<div class=\"elementor-post__text\">\n\t\t\t\t<h3 class=\"elementor-post__title\">\n\t\t\t<a href=\"https:\/\/mashumanoconsultores.com\/en\/recobro-incapacidades-empresas\/\" >\n\t\t\t\tRecobro de incapacidades, un dolor de cabeza para las empresas\t\t\t<\/a>\n\t\t<\/h3>\n\t\t\t\t<div class=\"elementor-post__meta-data\">\n\t\t\t\t\t<span class=\"elementor-post-date\">\n\t\t\tOctober 1, 2024\t\t<\/span>\n\t\t\t\t<span class=\"elementor-post-avatar\">\n\t\t\tNo Comments\t\t<\/span>\n\t\t\t\t<\/div>\n\t\t\t\t<div class=\"elementor-post__excerpt\">\n\t\t\t<p>Cuando un trabajador se enferma o se accidenta el m\u00e9dico prescribe una incapacidad laboral, tiempo durante el cual el trabajador queda incapacitado y recibe un<\/p>\n\t\t<\/div>\n\t\t\n\t\t<a class=\"elementor-post__read-more\" href=\"https:\/\/mashumanoconsultores.com\/en\/recobro-incapacidades-empresas\/\" aria-label=\"Read more about Recobro de incapacidades, un dolor de cabeza para las empresas\" tabindex=\"-1\" >\n\t\t\tRead More\t\t<\/a>\n\n\t\t\t\t<\/div>\n\t\t\t\t<\/article>\n\t\t\t\t<article class=\"elementor-post elementor-grid-item post-8 post type-post status-publish format-standard has-post-thumbnail hentry category-uncategorized\">\n\t\t\t\t<a class=\"elementor-post__thumbnail__link\" href=\"https:\/\/mashumanoconsultores.com\/en\/portal-del-empleado-potenciador-descentralizacion-rrhh\/\" tabindex=\"-1\" >\n\t\t\t<div class=\"elementor-post__thumbnail\"><img decoding=\"async\" width=\"300\" height=\"150\" src=\"https:\/\/mashumanoconsultores.com\/wp-content\/uploads\/2024\/10\/pexels-photo-1679618-1880x940-1-300x150.jpeg\" class=\"attachment-medium size-medium wp-image-1715\" alt=\"\" srcset=\"https:\/\/mashumanoconsultores.com\/wp-content\/uploads\/2024\/10\/pexels-photo-1679618-1880x940-1-300x150.jpeg 300w, https:\/\/mashumanoconsultores.com\/wp-content\/uploads\/2024\/10\/pexels-photo-1679618-1880x940-1-1024x512.jpeg 1024w, https:\/\/mashumanoconsultores.com\/wp-content\/uploads\/2024\/10\/pexels-photo-1679618-1880x940-1-768x384.jpeg 768w, https:\/\/mashumanoconsultores.com\/wp-content\/uploads\/2024\/10\/pexels-photo-1679618-1880x940-1-1536x768.jpeg 1536w, https:\/\/mashumanoconsultores.com\/wp-content\/uploads\/2024\/10\/pexels-photo-1679618-1880x940-1-18x9.jpeg 18w, https:\/\/mashumanoconsultores.com\/wp-content\/uploads\/2024\/10\/pexels-photo-1679618-1880x940-1.jpeg 1880w\" sizes=\"(max-width: 300px) 100vw, 300px\" \/><\/div>\n\t\t<\/a>\n\t\t\t\t<div class=\"elementor-post__text\">\n\t\t\t\t<h3 class=\"elementor-post__title\">\n\t\t\t<a href=\"https:\/\/mashumanoconsultores.com\/en\/portal-del-empleado-potenciador-descentralizacion-rrhh\/\" >\n\t\t\t\tEl portal del empleado, potenciador de la descentralizaci\u00f3n en RRHH\t\t\t<\/a>\n\t\t<\/h3>\n\t\t\t\t<div class=\"elementor-post__meta-data\">\n\t\t\t\t\t<span class=\"elementor-post-date\">\n\t\t\tOctober 1, 2024\t\t<\/span>\n\t\t\t\t<span class=\"elementor-post-avatar\">\n\t\t\tNo Comments\t\t<\/span>\n\t\t\t\t<\/div>\n\t\t\t\t<div class=\"elementor-post__excerpt\">\n\t\t\t<p>Los d\u00edas en los que nos junt\u00e1bamos en el \u00e1rea de recursos humanos a pedir certificados, recibos, vacaciones, y todo tipo de solicitudes laborales han<\/p>\n\t\t<\/div>\n\t\t\n\t\t<a class=\"elementor-post__read-more\" href=\"https:\/\/mashumanoconsultores.com\/en\/portal-del-empleado-potenciador-descentralizacion-rrhh\/\" aria-label=\"Read more about El portal del empleado, potenciador de la descentralizaci\u00f3n en RRHH\" tabindex=\"-1\" >\n\t\t\tRead More\t\t<\/a>\n\n\t\t\t\t<\/div>\n\t\t\t\t<\/article>\n\t\t\t\t<article class=\"elementor-post elementor-grid-item post-7 post type-post status-publish format-standard has-post-thumbnail hentry category-uncategorized\">\n\t\t\t\t<a class=\"elementor-post__thumbnail__link\" href=\"https:\/\/mashumanoconsultores.com\/en\/dilema-entrega-gestion-proyectos\/\" tabindex=\"-1\" >\n\t\t\t<div class=\"elementor-post__thumbnail\"><img decoding=\"async\" width=\"300\" height=\"150\" src=\"https:\/\/mashumanoconsultores.com\/wp-content\/uploads\/2024\/10\/developing-best-notes-300x150.jpg\" class=\"attachment-medium size-medium wp-image-1836\" alt=\"\" srcset=\"https:\/\/mashumanoconsultores.com\/wp-content\/uploads\/2024\/10\/developing-best-notes-300x150.jpg 300w, https:\/\/mashumanoconsultores.com\/wp-content\/uploads\/2024\/10\/developing-best-notes-1024x512.jpg 1024w, https:\/\/mashumanoconsultores.com\/wp-content\/uploads\/2024\/10\/developing-best-notes-768x384.jpg 768w, https:\/\/mashumanoconsultores.com\/wp-content\/uploads\/2024\/10\/developing-best-notes-1536x768.jpg 1536w, https:\/\/mashumanoconsultores.com\/wp-content\/uploads\/2024\/10\/developing-best-notes-18x9.jpg 18w, https:\/\/mashumanoconsultores.com\/wp-content\/uploads\/2024\/10\/developing-best-notes.jpg 1880w\" sizes=\"(max-width: 300px) 100vw, 300px\" \/><\/div>\n\t\t<\/a>\n\t\t\t\t<div class=\"elementor-post__text\">\n\t\t\t\t<h3 class=\"elementor-post__title\">\n\t\t\t<a href=\"https:\/\/mashumanoconsultores.com\/en\/dilema-entrega-gestion-proyectos\/\" >\n\t\t\t\tDilema de entrega en la gesti\u00f3n de proyectos\t\t\t<\/a>\n\t\t<\/h3>\n\t\t\t\t<div class=\"elementor-post__meta-data\">\n\t\t\t\t\t<span class=\"elementor-post-date\">\n\t\t\tOctober 1, 2024\t\t<\/span>\n\t\t\t\t<span class=\"elementor-post-avatar\">\n\t\t\tNo Comments\t\t<\/span>\n\t\t\t\t<\/div>\n\t\t\t\t<div class=\"elementor-post__excerpt\">\n\t\t\t<p>Esta es la manera de elegir el enfoque adecuado para cada proyecto. Al direccionar los diversos proyectos debemos analizar los beneficios al adaptar su enfoque<\/p>\n\t\t<\/div>\n\t\t\n\t\t<a class=\"elementor-post__read-more\" href=\"https:\/\/mashumanoconsultores.com\/en\/dilema-entrega-gestion-proyectos\/\" aria-label=\"Read more about Dilema de entrega en la gesti\u00f3n de proyectos\" tabindex=\"-1\" >\n\t\t\tRead More\t\t<\/a>\n\n\t\t\t\t<\/div>\n\t\t\t\t<\/article>\n\t\t\t\t<\/div>\n\t\t\n\t\t\t\t\t\t<\/div>\n\t\t\t\t<\/div>\n\t\t\t\t<div class=\"elementor-element elementor-element-201a90c elementor-widget elementor-widget-shortcode\" data-id=\"201a90c\" data-element_type=\"widget\" data-widget_type=\"shortcode.default\">\n\t\t\t\t<div class=\"elementor-widget-container\">\n\t\t\t\t\t\t\t<div class=\"elementor-shortcode\"><script>document.addEventListener(\"DOMContentLoaded\", function() {\r\n    document.querySelectorAll(\"a\").forEach(function(link) {\r\n        if (link.textContent.trim() === \"Read More \u00bb\") {\r\n            link.textContent = \"Leer m\u00e1s \u00bb\"; \/\/ Change text\r\n        }\r\n    });\r\n});<\/script><\/div>\n\t\t\t\t\t\t<\/div>\n\t\t\t\t<\/div>\n\t\t\t\t\t<\/div>\n\t\t\t\t<\/div>\n\t\t\t\t<\/div>","protected":false},"excerpt":{"rendered":"<p>Conoce m\u00e1s con nuestro blog<\/p>","protected":false},"author":1,"featured_media":0,"parent":0,"menu_order":0,"comment_status":"closed","ping_status":"closed","template":"","meta":{"footnotes":""},"class_list":["post-202","page","type-page","status-publish","hentry"],"aioseo_notices":[],"_links":{"self":[{"href":"https:\/\/mashumanoconsultores.com\/en\/wp-json\/wp\/v2\/pages\/202","targetHints":{"allow":["GET"]}}],"collection":[{"href":"https:\/\/mashumanoconsultores.com\/en\/wp-json\/wp\/v2\/pages"}],"about":[{"href":"https:\/\/mashumanoconsultores.com\/en\/wp-json\/wp\/v2\/types\/page"}],"author":[{"embeddable":true,"href":"https:\/\/mashumanoconsultores.com\/en\/wp-json\/wp\/v2\/users\/1"}],"replies":[{"embeddable":true,"href":"https:\/\/mashumanoconsultores.com\/en\/wp-json\/wp\/v2\/comments?post=202"}],"version-history":[{"count":22,"href":"https:\/\/mashumanoconsultores.com\/en\/wp-json\/wp\/v2\/pages\/202\/revisions"}],"predecessor-version":[{"id":1859,"href":"https:\/\/mashumanoconsultores.com\/en\/wp-json\/wp\/v2\/pages\/202\/revisions\/1859"}],"wp:attachment":[{"href":"https:\/\/mashumanoconsultores.com\/en\/wp-json\/wp\/v2\/media?parent=202"}],"curies":[{"name":"wp","href":"https:\/\/api.w.org\/{rel}","templated":true}]}}