{"id":267,"date":"2024-10-26T04:32:50","date_gmt":"2024-10-26T04:32:50","guid":{"rendered":"https:\/\/mashumanoconsultores.com\/?page_id=267"},"modified":"2025-01-27T03:44:24","modified_gmt":"2025-01-27T03:44:24","slug":"portafolio","status":"publish","type":"page","link":"https:\/\/mashumanoconsultores.com\/en\/portafolio\/","title":{"rendered":"Portfolio"},"content":{"rendered":"<div data-elementor-type=\"wp-page\" data-elementor-id=\"267\" class=\"elementor elementor-267\" data-elementor-post-type=\"page\">\n\t\t\t\t<div class=\"elementor-element elementor-element-006ac2d humano-container humano-container-start  e-flex e-con-boxed e-con e-parent\" data-id=\"006ac2d\" data-element_type=\"container\">\n\t\t\t\t\t<div class=\"e-con-inner\">\n\t\t<div class=\"elementor-element elementor-element-b0fe9d1 e-con-full e-flex e-con e-child\" data-id=\"b0fe9d1\" data-element_type=\"container\">\n\t\t\t\t<div class=\"elementor-element elementor-element-da822e1 elementor-widget elementor-widget-html\" data-id=\"da822e1\" data-element_type=\"widget\" data-widget_type=\"html.default\">\n\t\t\t\t<div class=\"elementor-widget-container\">\n\t\t\t\t\t<link rel=\"stylesheet\" id=\"elementor-icons-mas_humano_icons-css\" href=\"https:\/\/mashumanoconsultores.com\/wp-content\/uploads\/elementor\/custom-icons\/mas_humano_icons\/css\/mas_humano_icons.css?ver=1.0.0\" media=\"all\">\t\t\t\t<\/div>\n\t\t\t\t<\/div>\n\t\t\t\t<div class=\"elementor-element elementor-element-422176d elementor-widget elementor-widget-html\" data-id=\"422176d\" data-element_type=\"widget\" data-widget_type=\"html.default\">\n\t\t\t\t<div class=\"elementor-widget-container\">\n\t\t\t\t\t<h3 class=\"color-gradient\">A portfolio<\/h3>\r\n<h2 class=\"color-gradient\">con experticia en<\/h2>\r\n<p>Comprender profundamente las necesidades y expectativas de nuestros clientes para dise\u00f1ar e implementar soluciones personalizadas que impulsen la precisi\u00f3n, productividad y eficiencia en sus operaciones. Nuestro compromiso es ofrecer servicios y productos a la medida, alineados con los retos y objetivos espec\u00edficos de cada organizaci\u00f3n, acompa\u00f1ados de un enfoque humano y consultor\u00eda integral.<\/p>\r\n<a href=\"#servicios\" class=\"humano-boton\">Services<\/a>\r\n<a href=\"#productos\" class=\"humano-boton\">Products<\/a>\t\t\t\t<\/div>\n\t\t\t\t<\/div>\n\t\t\t\t<\/div>\n\t\t<div class=\"elementor-element elementor-element-e49654a e-con-full e-flex e-con e-child\" data-id=\"e49654a\" data-element_type=\"container\">\n\t\t\t\t<div class=\"elementor-element elementor-element-015dad5 humano-img elementor-widget elementor-widget-image\" data-id=\"015dad5\" data-element_type=\"widget\" data-widget_type=\"image.default\">\n\t\t\t\t<div class=\"elementor-widget-container\">\n\t\t\t\t\t\t\t\t\t\t\t\t\t\t\t<img fetchpriority=\"high\" decoding=\"async\" width=\"1080\" height=\"640\" src=\"https:\/\/mashumanoconsultores.com\/wp-content\/uploads\/2024\/12\/Sesion-Corporativa-Jul-2022-057-32.webp\" class=\"attachment-full size-full wp-image-705\" alt=\"\" srcset=\"https:\/\/mashumanoconsultores.com\/wp-content\/uploads\/2024\/12\/Sesion-Corporativa-Jul-2022-057-32.webp 1080w, https:\/\/mashumanoconsultores.com\/wp-content\/uploads\/2024\/12\/Sesion-Corporativa-Jul-2022-057-32-300x178.webp 300w, https:\/\/mashumanoconsultores.com\/wp-content\/uploads\/2024\/12\/Sesion-Corporativa-Jul-2022-057-32-1024x607.webp 1024w, https:\/\/mashumanoconsultores.com\/wp-content\/uploads\/2024\/12\/Sesion-Corporativa-Jul-2022-057-32-768x455.webp 768w, https:\/\/mashumanoconsultores.com\/wp-content\/uploads\/2024\/12\/elementor\/thumbs\/Sesion-Corporativa-Jul-2022-057-32-qyr5pe0dk4sivo1bkykzs8rqyrwflxta56mrmkx8ra.webp 566w\" sizes=\"(max-width: 1080px) 100vw, 1080px\" \/>\t\t\t\t\t\t\t\t\t\t\t\t\t\t\t<\/div>\n\t\t\t\t<\/div>\n\t\t\t\t<\/div>\n\t\t\t\t\t<\/div>\n\t\t\t\t<\/div>\n\t\t<div class=\"elementor-element elementor-element-da134b1 humano-purple-bg humano-container e-flex e-con-boxed e-con e-parent\" data-id=\"da134b1\" data-element_type=\"container\" id=\"servicios\">\n\t\t\t\t\t<div class=\"e-con-inner\">\n\t\t<div class=\"elementor-element elementor-element-789e693 e-con-full e-flex e-con e-child\" data-id=\"789e693\" data-element_type=\"container\">\n\t\t\t\t<div class=\"elementor-element elementor-element-60b153b elementor-widget elementor-widget-html\" data-id=\"60b153b\" data-element_type=\"widget\" data-widget_type=\"html.default\">\n\t\t\t\t<div class=\"elementor-widget-container\">\n\t\t\t\t\t<h5 style=\"color:var(--e-global-color-c358e38);\">Find out here<\/h5>\n<h2 style=\"color:var(--e-global-color-c358e38);\">nuestros servicios<\/h2>\n<p style=\"color:var(--e-global-color-c358e38);\"><b>As software specialists<\/b>We offer custom application development, mobile applications, system integration and artificial intelligence solutions.<\/p>\n<a href=\"https:\/\/mashumanoconsultores.com\/en\/portafolio\/servicios\/\" class=\"humano-boton\">Learn more<\/a>\n\n<div class=\"humano-button-icons\">\n    <a href=\"https:\/\/mashumanoconsultores.com\/en\/portafolio\/servicios\/\">\n        <i aria-hidden=\"true\" class=\"icon icon-desarrollo_de_aplicaciones\"><\/i>\n        <p>Application development<\/p>\n    <\/a>\n    <a href=\"https:\/\/mashumanoconsultores.com\/en\/portafolio\/servicios\/#consultoria_ti\">\n        <i aria-hidden=\"true\" class=\"icon icon-consultoria_en_ti\"><\/i>\n        <p>IT Consulting<\/p>\n    <\/a>\n    <a href=\"https:\/\/mashumanoconsultores.com\/en\/portafolio\/servicios\/#gerencia_proyectos\">\n        <i aria-hidden=\"true\" class=\"icon icon-gerencia_de_proyectos\"><\/i>\n        <p>Project management<\/p>\n    <\/a>\n    <a href=\"https:\/\/mashumanoconsultores.com\/en\/portafolio\/servicios\/#nomina\">\n        <i aria-hidden=\"true\" class=\"icon icon-bpo_de_nomina\"><\/i>\n        <p>Payroll BPO<\/p>\n    <\/a>\n<\/div>\t\t\t\t<\/div>\n\t\t\t\t<\/div>\n\t\t\t\t<\/div>\n\t\t\t\t<div class=\"elementor-element elementor-element-ea2bf5e elementor-widget__width-initial elementor-widget elementor-widget-image\" data-id=\"ea2bf5e\" data-element_type=\"widget\" data-widget_type=\"image.default\">\n\t\t\t\t<div class=\"elementor-widget-container\">\n\t\t\t\t\t\t\t\t\t\t\t\t\t\t\t<img decoding=\"async\" width=\"640\" height=\"1000\" src=\"https:\/\/mashumanoconsultores.com\/wp-content\/uploads\/2025\/01\/businesswoman-posing.webp\" class=\"attachment-full size-full wp-image-1131\" alt=\"\" srcset=\"https:\/\/mashumanoconsultores.com\/wp-content\/uploads\/2025\/01\/businesswoman-posing.webp 640w, https:\/\/mashumanoconsultores.com\/wp-content\/uploads\/2025\/01\/businesswoman-posing-192x300.webp 192w, https:\/\/mashumanoconsultores.com\/wp-content\/uploads\/2025\/01\/elementor\/thumbs\/businesswoman-posing-qzh1qrpptxc5ddjkfud6dpc51ukflb9v74a3cxvzha.webp 432w\" sizes=\"(max-width: 640px) 100vw, 640px\" \/>\t\t\t\t\t\t\t\t\t\t\t\t\t\t\t<\/div>\n\t\t\t\t<\/div>\n\t\t\t\t<div class=\"elementor-element elementor-element-e71b5be elementor-widget__width-initial elementor-widget elementor-widget-image\" data-id=\"e71b5be\" data-element_type=\"widget\" data-widget_type=\"image.default\">\n\t\t\t\t<div class=\"elementor-widget-container\">\n\t\t\t\t\t\t\t\t\t\t\t\t\t\t\t<img decoding=\"async\" width=\"639\" height=\"1000\" src=\"https:\/\/mashumanoconsultores.com\/wp-content\/uploads\/2025\/01\/businessman-glasses2.webp\" class=\"attachment-full size-full wp-image-1121\" alt=\"\" srcset=\"https:\/\/mashumanoconsultores.com\/wp-content\/uploads\/2025\/01\/businessman-glasses2.webp 639w, https:\/\/mashumanoconsultores.com\/wp-content\/uploads\/2025\/01\/businessman-glasses2-192x300.webp 192w, https:\/\/mashumanoconsultores.com\/wp-content\/uploads\/2025\/01\/elementor\/thumbs\/businessman-glasses2-qzh0kaeb903gb98hd64soz6znn57z0h4edj8iapcka.webp 456w\" sizes=\"(max-width: 639px) 100vw, 639px\" \/>\t\t\t\t\t\t\t\t\t\t\t\t\t\t\t<\/div>\n\t\t\t\t<\/div>\n\t\t<div class=\"elementor-element elementor-element-942947c e-con-full e-flex e-con e-child\" data-id=\"942947c\" data-element_type=\"container\" id=\"productos\">\n\t\t\t\t<div class=\"elementor-element elementor-element-9b6f8cd elementor-widget elementor-widget-html\" data-id=\"9b6f8cd\" data-element_type=\"widget\" data-widget_type=\"html.default\">\n\t\t\t\t<div class=\"elementor-widget-container\">\n\t\t\t\t\t<h5 style=\"color:var(--e-global-color-c358e38);\">These are<\/h5>\n<h2 style=\"color:var(--e-global-color-c358e38 );\">Our products<\/h2>\n<p style=\"color:var(--e-global-color-c358e38);\">They are designed to be integrated in all areas of your company.<\/p>\n<a href=\"https:\/\/mashumanoconsultores.com\/en\/portafolio\/productos\/\" class=\"humano-boton\">Learn more<\/a>\n\n<div class=\"humano-button-icons\">\n    <a href=\"https:\/\/mashumanoconsultores.com\/en\/portafolio\/productos\/\">\n        <img decoding=\"async\" src=\"https:\/\/mashumanoconsultores.com\/wp-content\/uploads\/2024\/11\/OptimusSuite.svg\">\n    <\/a>\n    <a href=\"https:\/\/mashumanoconsultores.com\/en\/portafolio\/productos\/#optimus-plus\">\n        <img decoding=\"async\" src=\"https:\/\/mashumanoconsultores.com\/wp-content\/uploads\/2024\/11\/optimus-plus-color.svg\">\n    <\/a>\n    <a href=\"https:\/\/mashumanoconsultores.com\/en\/portafolio\/productos\/#crm\">\n        <i aria-hidden=\"true\" class=\"icon icon-crm\"><\/i>\n        <p>CMR<\/p>\n    <\/a>\n    <a href=\"https:\/\/mashumanoconsultores.com\/en\/portafolio\/productos\/#mantis\">\n        <img decoding=\"async\" src=\"https:\/\/mashumanoconsultores.com\/wp-content\/uploads\/2025\/01\/mantis_logo.webp\" width=\"180\" height=\"62.4\">\n    <\/a>\n    <a href=\"https:\/\/mashumanoconsultores.com\/en\/portafolio\/productos\/#wms\">\n        <h4>Logistics<br\/><span style=\"font-size:2em; font-weight:900;\">WMS<\/span><\/h4>\n        \n    <\/a>\n<\/div>\t\t\t\t<\/div>\n\t\t\t\t<\/div>\n\t\t\t\t<\/div>\n\t\t\t\t\t<\/div>\n\t\t\t\t<\/div>\n\t\t\t\t<\/div>","protected":false},"excerpt":{"rendered":"<p>Un portafolio con experticia en Comprender profundamente las necesidades y expectativas de nuestros clientes para dise\u00f1ar e implementar soluciones personalizadas que impulsen la precisi\u00f3n, productividad y eficiencia en sus operaciones. Nuestro compromiso es ofrecer servicios y productos a la medida, alineados con los retos y objetivos espec\u00edficos de cada organizaci\u00f3n, acompa\u00f1ados de un enfoque humano [&hellip;]<\/p>","protected":false},"author":1,"featured_media":0,"parent":0,"menu_order":0,"comment_status":"closed","ping_status":"closed","template":"","meta":{"footnotes":""},"class_list":["post-267","page","type-page","status-publish","hentry"],"aioseo_notices":[],"_links":{"self":[{"href":"https:\/\/mashumanoconsultores.com\/en\/wp-json\/wp\/v2\/pages\/267","targetHints":{"allow":["GET"]}}],"collection":[{"href":"https:\/\/mashumanoconsultores.com\/en\/wp-json\/wp\/v2\/pages"}],"about":[{"href":"https:\/\/mashumanoconsultores.com\/en\/wp-json\/wp\/v2\/types\/page"}],"author":[{"embeddable":true,"href":"https:\/\/mashumanoconsultores.com\/en\/wp-json\/wp\/v2\/users\/1"}],"replies":[{"embeddable":true,"href":"https:\/\/mashumanoconsultores.com\/en\/wp-json\/wp\/v2\/comments?post=267"}],"version-history":[{"count":229,"href":"https:\/\/mashumanoconsultores.com\/en\/wp-json\/wp\/v2\/pages\/267\/revisions"}],"predecessor-version":[{"id":1510,"href":"https:\/\/mashumanoconsultores.com\/en\/wp-json\/wp\/v2\/pages\/267\/revisions\/1510"}],"wp:attachment":[{"href":"https:\/\/mashumanoconsultores.com\/en\/wp-json\/wp\/v2\/media?parent=267"}],"curies":[{"name":"wp","href":"https:\/\/api.w.org\/{rel}","templated":true}]}}