{"id":483,"date":"2024-11-26T18:10:32","date_gmt":"2024-11-26T18:10:32","guid":{"rendered":"https:\/\/mashumanoconsultores.com\/?page_id=483"},"modified":"2025-03-18T14:43:25","modified_gmt":"2025-03-18T14:43:25","slug":"servicios","status":"publish","type":"page","link":"https:\/\/mashumanoconsultores.com\/en\/portafolio\/servicios\/","title":{"rendered":"Services"},"content":{"rendered":"<div data-elementor-type=\"wp-page\" data-elementor-id=\"483\" class=\"elementor elementor-483\" data-elementor-post-type=\"page\">\n\t\t\t\t<div class=\"elementor-element elementor-element-14e3b4c humano-purple-bg e-flex e-con-boxed e-con e-parent\" data-id=\"14e3b4c\" data-element_type=\"container\" data-settings=\"{&quot;background_background&quot;:&quot;classic&quot;}\">\n\t\t\t\t\t<div class=\"e-con-inner\">\n\t\t\t\t<div class=\"elementor-element elementor-element-31f066f elementor-widget elementor-widget-html\" data-id=\"31f066f\" data-element_type=\"widget\" data-widget_type=\"html.default\">\n\t\t\t\t<div class=\"elementor-widget-container\">\n\t\t\t\t\t<h1 style=\"color: var(--e-global-color-c358e38); text-align:center;\">Portfolio services<\/h1>\t\t\t\t<\/div>\n\t\t\t\t<\/div>\n\t\t\t\t\t<\/div>\n\t\t\t\t<\/div>\n\t\t<div class=\"elementor-element elementor-element-949219d humano-container humano-container-start e-flex e-con-boxed e-con e-parent\" data-id=\"949219d\" data-element_type=\"container\">\n\t\t\t\t\t<div class=\"e-con-inner\">\n\t\t<div class=\"elementor-element elementor-element-aee811e e-con-full e-flex e-con e-child\" data-id=\"aee811e\" data-element_type=\"container\">\n\t\t\t\t<div class=\"elementor-element elementor-element-f9444d6 humano-img elementor-widget elementor-widget-image\" data-id=\"f9444d6\" data-element_type=\"widget\" data-widget_type=\"image.default\">\n\t\t\t\t<div class=\"elementor-widget-container\">\n\t\t\t\t\t\t\t\t\t\t\t\t\t\t\t<img fetchpriority=\"high\" decoding=\"async\" width=\"1080\" height=\"677\" src=\"https:\/\/mashumanoconsultores.com\/wp-content\/uploads\/2024\/12\/desarrolo_de_aplicaciones.webp\" class=\"attachment-full size-full wp-image-731\" alt=\"\" srcset=\"https:\/\/mashumanoconsultores.com\/wp-content\/uploads\/2024\/12\/desarrolo_de_aplicaciones.webp 1080w, https:\/\/mashumanoconsultores.com\/wp-content\/uploads\/2024\/12\/desarrolo_de_aplicaciones-300x188.webp 300w, https:\/\/mashumanoconsultores.com\/wp-content\/uploads\/2024\/12\/desarrolo_de_aplicaciones-1024x642.webp 1024w, https:\/\/mashumanoconsultores.com\/wp-content\/uploads\/2024\/12\/desarrolo_de_aplicaciones-768x481.webp 768w\" sizes=\"(max-width: 1080px) 100vw, 1080px\" \/>\t\t\t\t\t\t\t\t\t\t\t\t\t\t\t<\/div>\n\t\t\t\t<\/div>\n\t\t\t\t<\/div>\n\t\t<div class=\"elementor-element elementor-element-655ed6b e-con-full e-flex e-con e-child\" data-id=\"655ed6b\" data-element_type=\"container\">\n\t\t\t\t<div class=\"elementor-element elementor-element-3f3e152 elementor-widget elementor-widget-html\" data-id=\"3f3e152\" data-element_type=\"widget\" data-widget_type=\"html.default\">\n\t\t\t\t<div class=\"elementor-widget-container\">\n\t\t\t\t\t<link rel=\"stylesheet\" id=\"elementor-icons-mas_humano_icons-css\" href=\"https:\/\/mashumanoconsultores.com\/wp-content\/uploads\/elementor\/custom-icons\/mas_humano_icons\/css\/mas_humano_icons.css?ver=1.0.0\" media=\"all\">\r\n<div class=\"humano-titles\">\r\n    <i aria-hidden=\"true\" class=\"icon icon-desarrollo_de_aplicaciones humano-icon\"><\/i>\r\n    <h2 class=\"color-gradient humano-icon-title\">Application development<\/h2>\r\n<\/div>\r\n<p>Aimed at improving the user experience through the <b>process optimization<\/b>combining good practices in project management with software engineering.<\/p>\r\n<a href=\"https:\/\/web.whatsapp.com\/send?phone=573158331051&text=\" class=\"humano-boton\" alt=\"\" target=\"_blank\">I'm interested<\/a>\r\n\t\t\t\t<\/div>\n\t\t\t\t<\/div>\n\t\t\t\t<\/div>\n\t\t\t\t\t<\/div>\n\t\t\t\t<\/div>\n\t\t<div class=\"elementor-element elementor-element-0c164f5 humano-container e-flex e-con-boxed e-con e-parent\" data-id=\"0c164f5\" data-element_type=\"container\" id=\"consultoria\">\n\t\t\t\t\t<div class=\"e-con-inner\">\n\t\t<div class=\"elementor-element elementor-element-0753239 e-con-full e-flex e-con e-child\" data-id=\"0753239\" data-element_type=\"container\">\n\t\t\t\t<div class=\"elementor-element elementor-element-0c17e5a elementor-widget elementor-widget-html\" data-id=\"0c17e5a\" data-element_type=\"widget\" data-widget_type=\"html.default\">\n\t\t\t\t<div class=\"elementor-widget-container\">\n\t\t\t\t\t<div class=\"humano-titles\">\r\n    <i aria-hidden=\"true\" class=\"icon icon-consultoria_en_ti humano-icon\"><\/i>\r\n    <h2 class=\"color-gradient\">IT Consulting<\/h2>\r\n<\/div>\r\n<p><b>We design operating models that optimize functional processes<\/b> through technological solutions, with the support of our specialized team with extensive experience in business processes.<\/p>\r\n<a href=\"https:\/\/web.whatsapp.com\/send?phone=573158331051&text=\" class=\"humano-boton\" alt=\"\" target=\"_blank\">I'm interested<\/a>\t\t\t\t<\/div>\n\t\t\t\t<\/div>\n\t\t\t\t<\/div>\n\t\t<div class=\"elementor-element elementor-element-113f4c8 e-con-full e-flex e-con e-child\" data-id=\"113f4c8\" data-element_type=\"container\">\n\t\t\t\t<div class=\"elementor-element elementor-element-db590f8 humano-img elementor-widget elementor-widget-image\" data-id=\"db590f8\" data-element_type=\"widget\" data-widget_type=\"image.default\">\n\t\t\t\t<div class=\"elementor-widget-container\">\n\t\t\t\t\t\t\t\t\t\t\t\t\t\t\t<img decoding=\"async\" width=\"1080\" height=\"608\" src=\"https:\/\/mashumanoconsultores.com\/wp-content\/uploads\/2024\/12\/gerencia.webp\" class=\"attachment-full size-full wp-image-732\" alt=\"\" srcset=\"https:\/\/mashumanoconsultores.com\/wp-content\/uploads\/2024\/12\/gerencia.webp 1080w, https:\/\/mashumanoconsultores.com\/wp-content\/uploads\/2024\/12\/gerencia-300x169.webp 300w, https:\/\/mashumanoconsultores.com\/wp-content\/uploads\/2024\/12\/gerencia-1024x576.webp 1024w, https:\/\/mashumanoconsultores.com\/wp-content\/uploads\/2024\/12\/gerencia-768x432.webp 768w\" sizes=\"(max-width: 1080px) 100vw, 1080px\" \/>\t\t\t\t\t\t\t\t\t\t\t\t\t\t\t<\/div>\n\t\t\t\t<\/div>\n\t\t\t\t<\/div>\n\t\t\t\t\t<\/div>\n\t\t\t\t<\/div>\n\t\t<div class=\"elementor-element elementor-element-c02dded humano-container e-flex e-con-boxed e-con e-parent\" data-id=\"c02dded\" data-element_type=\"container\" id=\"gerencia\">\n\t\t\t\t\t<div class=\"e-con-inner\">\n\t\t<div class=\"elementor-element elementor-element-1ace768 e-con-full e-flex e-con e-child\" data-id=\"1ace768\" data-element_type=\"container\">\n\t\t\t\t<div class=\"elementor-element elementor-element-87a20bb humano-img elementor-widget elementor-widget-image\" data-id=\"87a20bb\" data-element_type=\"widget\" data-widget_type=\"image.default\">\n\t\t\t\t<div class=\"elementor-widget-container\">\n\t\t\t\t\t\t\t\t\t\t\t\t\t\t\t<img decoding=\"async\" width=\"1080\" height=\"677\" src=\"https:\/\/mashumanoconsultores.com\/wp-content\/uploads\/2025\/01\/mas-humano-gerencia-proyectos.webp\" class=\"attachment-full size-full wp-image-1512\" alt=\"\" srcset=\"https:\/\/mashumanoconsultores.com\/wp-content\/uploads\/2025\/01\/mas-humano-gerencia-proyectos.webp 1080w, https:\/\/mashumanoconsultores.com\/wp-content\/uploads\/2025\/01\/mas-humano-gerencia-proyectos-300x188.webp 300w, https:\/\/mashumanoconsultores.com\/wp-content\/uploads\/2025\/01\/mas-humano-gerencia-proyectos-1024x642.webp 1024w, https:\/\/mashumanoconsultores.com\/wp-content\/uploads\/2025\/01\/mas-humano-gerencia-proyectos-768x481.webp 768w, https:\/\/mashumanoconsultores.com\/wp-content\/uploads\/2025\/01\/mas-humano-gerencia-proyectos-18x12.webp 18w\" sizes=\"(max-width: 1080px) 100vw, 1080px\" \/>\t\t\t\t\t\t\t\t\t\t\t\t\t\t\t<\/div>\n\t\t\t\t<\/div>\n\t\t\t\t<\/div>\n\t\t<div class=\"elementor-element elementor-element-34dc715 e-con-full e-flex e-con e-child\" data-id=\"34dc715\" data-element_type=\"container\">\n\t\t\t\t<div class=\"elementor-element elementor-element-23d29b2 elementor-widget elementor-widget-html\" data-id=\"23d29b2\" data-element_type=\"widget\" data-widget_type=\"html.default\">\n\t\t\t\t<div class=\"elementor-widget-container\">\n\t\t\t\t\t<div class=\"humano-titles\">\r\n    <i aria-hidden=\"true\" class=\"icon icon-gerencia_de_proyectos humano-icon\"><\/i>\r\n    <h2 class=\"color-gradient\">Project management<\/h2>\r\n<\/div>\r\n<p>We offer <b>supervision and consultancy in project management<\/b> seg\u00fan est\u00e1ndares PMI y metodolog\u00edas \u00e1giles, con un equipo de expertos certificados en PMP\u00a9 y SCRUM\u00a9 para guiar y liderar cada etapa de sus proyectos.<\/p>\r\n<a href=\"https:\/\/web.whatsapp.com\/send?phone=573158331051&text=\" class=\"humano-boton\" alt=\"\" target=\"_blank\">I'm interested<\/a>\t\t\t\t<\/div>\n\t\t\t\t<\/div>\n\t\t\t\t<\/div>\n\t\t\t\t\t<\/div>\n\t\t\t\t<\/div>\n\t\t<div class=\"elementor-element elementor-element-3466fcc humano-container e-flex e-con-boxed e-con e-parent\" data-id=\"3466fcc\" data-element_type=\"container\" id=\"nomina\" data-settings=\"{&quot;background_background&quot;:&quot;classic&quot;}\">\n\t\t\t\t\t<div class=\"e-con-inner\">\n\t\t<div class=\"elementor-element elementor-element-72de8d7 e-con-full e-flex e-con e-child\" data-id=\"72de8d7\" data-element_type=\"container\">\n\t\t\t\t<div class=\"elementor-element elementor-element-4d56ca1 elementor-widget elementor-widget-html\" data-id=\"4d56ca1\" data-element_type=\"widget\" data-widget_type=\"html.default\">\n\t\t\t\t<div class=\"elementor-widget-container\">\n\t\t\t\t\t<div class=\"humano-titles\">\r\n    <i aria-hidden=\"true\" class=\"icon icon-bpo_de_nomina humano-icon humano-icon\"><\/i>\r\n    <h2 class=\"color-gradient\">Payroll BPO<\/h2>\r\n<\/div>\r\n<p>We offer solutions of <b>payroll management and personnel administration<\/b> under the outsourcing model for public and private companies of all sizes and sectors that require outsourcing their business processes.<\/p>\r\n<a href=\"https:\/\/web.whatsapp.com\/send?phone=573158331051&text=\" class=\"humano-boton\" alt=\"\" target=\"_blank\">I'm interested<\/a>\t\t\t\t<\/div>\n\t\t\t\t<\/div>\n\t\t\t\t<\/div>\n\t\t<div class=\"elementor-element elementor-element-bc4b4d0 e-con-full e-flex e-con e-child\" data-id=\"bc4b4d0\" data-element_type=\"container\">\n\t\t\t\t<div class=\"elementor-element elementor-element-61ec772 humano-img elementor-widget elementor-widget-image\" data-id=\"61ec772\" data-element_type=\"widget\" data-widget_type=\"image.default\">\n\t\t\t\t<div class=\"elementor-widget-container\">\n\t\t\t\t\t\t\t\t\t\t\t\t\t\t\t<img loading=\"lazy\" decoding=\"async\" width=\"1080\" height=\"608\" src=\"https:\/\/mashumanoconsultores.com\/wp-content\/uploads\/2024\/12\/nomina.webp\" class=\"attachment-full size-full wp-image-736\" alt=\"\" srcset=\"https:\/\/mashumanoconsultores.com\/wp-content\/uploads\/2024\/12\/nomina.webp 1080w, https:\/\/mashumanoconsultores.com\/wp-content\/uploads\/2024\/12\/nomina-300x169.webp 300w, https:\/\/mashumanoconsultores.com\/wp-content\/uploads\/2024\/12\/nomina-1024x576.webp 1024w, https:\/\/mashumanoconsultores.com\/wp-content\/uploads\/2024\/12\/nomina-768x432.webp 768w\" sizes=\"(max-width: 1080px) 100vw, 1080px\" \/>\t\t\t\t\t\t\t\t\t\t\t\t\t\t\t<\/div>\n\t\t\t\t<\/div>\n\t\t\t\t<\/div>\n\t\t\t\t\t<\/div>\n\t\t\t\t<\/div>\n\t\t\t\t<\/div>","protected":false},"excerpt":{"rendered":"<p>Portafolio de servicios Desarrollo de aplicaciones Orientadas a mejorar la experiencia del usuario a trav\u00e9s de la optimizaci\u00f3n de los procesos, combinando las buenas pr\u00e1cticas de la gerencia de proyectos con la ingenier\u00eda de software. Estoy interesado Consultor\u00eda en TI Dise\u00f1amos modelos de operaci\u00f3n que optimizan los procesos funcionales a trav\u00e9s de soluciones tecnol\u00f3gicas, con [&hellip;]<\/p>","protected":false},"author":1,"featured_media":0,"parent":267,"menu_order":0,"comment_status":"closed","ping_status":"closed","template":"","meta":{"footnotes":""},"class_list":["post-483","page","type-page","status-publish","hentry"],"aioseo_notices":[],"_links":{"self":[{"href":"https:\/\/mashumanoconsultores.com\/en\/wp-json\/wp\/v2\/pages\/483","targetHints":{"allow":["GET"]}}],"collection":[{"href":"https:\/\/mashumanoconsultores.com\/en\/wp-json\/wp\/v2\/pages"}],"about":[{"href":"https:\/\/mashumanoconsultores.com\/en\/wp-json\/wp\/v2\/types\/page"}],"author":[{"embeddable":true,"href":"https:\/\/mashumanoconsultores.com\/en\/wp-json\/wp\/v2\/users\/1"}],"replies":[{"embeddable":true,"href":"https:\/\/mashumanoconsultores.com\/en\/wp-json\/wp\/v2\/comments?post=483"}],"version-history":[{"count":127,"href":"https:\/\/mashumanoconsultores.com\/en\/wp-json\/wp\/v2\/pages\/483\/revisions"}],"predecessor-version":[{"id":1877,"href":"https:\/\/mashumanoconsultores.com\/en\/wp-json\/wp\/v2\/pages\/483\/revisions\/1877"}],"up":[{"embeddable":true,"href":"https:\/\/mashumanoconsultores.com\/en\/wp-json\/wp\/v2\/pages\/267"}],"wp:attachment":[{"href":"https:\/\/mashumanoconsultores.com\/en\/wp-json\/wp\/v2\/media?parent=483"}],"curies":[{"name":"wp","href":"https:\/\/api.w.org\/{rel}","templated":true}]}}