{"id":89,"date":"2024-10-08T18:42:16","date_gmt":"2024-10-08T18:42:16","guid":{"rendered":"https:\/\/mashumanoconsultores.com\/?page_id=89"},"modified":"2025-03-17T22:46:10","modified_gmt":"2025-03-17T22:46:10","slug":"inicio","status":"publish","type":"page","link":"https:\/\/mashumanoconsultores.com\/en\/","title":{"rendered":"Home"},"content":{"rendered":"<div data-elementor-type=\"wp-page\" data-elementor-id=\"89\" class=\"elementor elementor-89\" data-elementor-post-type=\"page\">\n\t\t\t\t<div class=\"elementor-element elementor-element-f7e3525 e-con-full e-flex e-con e-parent\" data-id=\"f7e3525\" data-element_type=\"container\">\n\t\t\t\t<div class=\"elementor-element elementor-element-099f9fa elementor--v-position-middle elementor-pagination-position-inside elementor-widget elementor-widget-slides\" data-id=\"099f9fa\" data-element_type=\"widget\" data-settings=\"{&quot;navigation&quot;:&quot;dots&quot;,&quot;infinite&quot;:&quot;yes&quot;,&quot;transition&quot;:&quot;slide&quot;,&quot;transition_speed&quot;:500}\" data-widget_type=\"slides.default\">\n\t\t\t\t<div class=\"elementor-widget-container\">\n\t\t\t\t\t\t\t\t\t<div class=\"elementor-swiper\">\n\t\t\t\t\t<div class=\"elementor-slides-wrapper elementor-main-swiper swiper\" role=\"region\" aria-roledescription=\"carousel\" aria-label=\"Slides\" dir=\"ltr\" data-animation=\"\">\n\t\t\t\t<div class=\"swiper-wrapper elementor-slides\">\n\t\t\t\t\t\t\t\t\t\t<div class=\"elementor-repeater-item-4ae7e4d swiper-slide\" role=\"group\" aria-roledescription=\"slide\"><div class=\"swiper-slide-bg\" role=\"img\"><\/div><div class=\"elementor-background-overlay\"><\/div><a class=\"swiper-slide-inner\" href=\"\/en\/portafolio\/\"><div class=\"swiper-slide-contents\"><div class=\"elementor-slide-heading\">YOUR STRATEGIC ALLY<\/div><div class=\"elementor-slide-description\"><h2 style=\"color:var( --e-global-color-c358e38 );\">\nSOFTWARE DEVELOPMENT\n<b style=\"font-size:40px; \">INNOVATIVE,<\/b><\/h2>\n<h5 style=\"color:var( --e-global-color-c358e38 );\">We generate technology products and services for operational efficiency.<\/h5><\/div><div  class=\"elementor-button elementor-slide-button elementor-size-sm\">See more<\/div><\/div><\/a><\/div><div class=\"elementor-repeater-item-2fce1ad swiper-slide\" role=\"group\" aria-roledescription=\"slide\"><div class=\"swiper-slide-bg\" role=\"img\"><\/div><div class=\"elementor-background-overlay\"><\/div><a class=\"swiper-slide-inner\" href=\"\/en\/optimus-suite\/\"><div class=\"swiper-slide-contents\"><div class=\"elementor-slide-description\"><img decoding=\"async\" style=\"margin-bottom:40px;\" src=\"https:\/\/mashumanoconsultores.com\/wp-content\/uploads\/2024\/11\/optimus-suite-white.svg\" alt=\"Optimus Suite\">\n<h2 style=\"color:var( --e-global-color-c358e38 );\">Integrate, automate and standardize processes<\/h2> \n<h5 style=\"color:var( --e-global-color-c358e38 );\">Designed to optimally manage all areas of interest in your company.<\/h5><\/div><div  class=\"elementor-button elementor-slide-button elementor-size-sm\">See more<\/div><\/div><\/a><\/div><div class=\"elementor-repeater-item-803105c swiper-slide\" role=\"group\" aria-roledescription=\"slide\"><div class=\"swiper-slide-bg\" role=\"img\"><\/div><a class=\"swiper-slide-inner\" href=\"\/en\/portafolio\/productos\/#optimus-plus\"><div class=\"swiper-slide-contents\"><div class=\"elementor-slide-description\"><img decoding=\"async\" style=\"margin-bottom:40px;\" src=\"https:\/\/mashumanoconsultores.com\/wp-content\/uploads\/2024\/11\/optimus-plus-white.svg\" alt=\"Optimus+\">\n<h2 style=\"color:var( --e-global-color-c358e38 );\">Artificial Intelligence adapted to the use of Chat and BPM<\/h2>\n<h5 style=\"color:var( --e-global-color-c358e38 );\">Improve the efficiency and effectiveness of\nbusiness processes in your organization.<\/h5><\/div><div  class=\"elementor-button elementor-slide-button elementor-size-sm\">See more<\/div><\/div><\/a><\/div>\t\t\t\t<\/div>\n\t\t\t\t\t\t\t\t\t\t\t\t\t\t\t\t\t\t\t\t<div class=\"swiper-pagination\"><\/div>\n\t\t\t\t\t\t\t\t\t\t\t\t<\/div>\n\t\t\t\t<\/div>\n\t\t\t\t\t\t\t\t<\/div>\n\t\t\t\t<\/div>\n\t\t\t\t<\/div>\n\t\t\t\t<\/div>","protected":false},"excerpt":{"rendered":"<p>SU ALIADO ESTRAT\u00c9GICO DESARROLLO DE SOFTWARE INNOVADOR, Generamos productos y servicios de tecnolog\u00eda para la eficiencia operativa. Ver m\u00e1s Integra, automatiza y estandariza procesos Dise\u00f1ada para gestionar de forma \u00f3ptima todas las \u00e1reas de inter\u00e9s de tu empresa. Ver m\u00e1s Inteligencia Artificial adaptada al uso de Chat y BPM Mejora la eficiencia y efectividad de [&hellip;]<\/p>","protected":false},"author":1,"featured_media":0,"parent":0,"menu_order":0,"comment_status":"closed","ping_status":"closed","template":"","meta":{"footnotes":""},"class_list":["post-89","page","type-page","status-publish","hentry"],"aioseo_notices":[],"_links":{"self":[{"href":"https:\/\/mashumanoconsultores.com\/en\/wp-json\/wp\/v2\/pages\/89","targetHints":{"allow":["GET"]}}],"collection":[{"href":"https:\/\/mashumanoconsultores.com\/en\/wp-json\/wp\/v2\/pages"}],"about":[{"href":"https:\/\/mashumanoconsultores.com\/en\/wp-json\/wp\/v2\/types\/page"}],"author":[{"embeddable":true,"href":"https:\/\/mashumanoconsultores.com\/en\/wp-json\/wp\/v2\/users\/1"}],"replies":[{"embeddable":true,"href":"https:\/\/mashumanoconsultores.com\/en\/wp-json\/wp\/v2\/comments?post=89"}],"version-history":[{"count":91,"href":"https:\/\/mashumanoconsultores.com\/en\/wp-json\/wp\/v2\/pages\/89\/revisions"}],"predecessor-version":[{"id":1873,"href":"https:\/\/mashumanoconsultores.com\/en\/wp-json\/wp\/v2\/pages\/89\/revisions\/1873"}],"wp:attachment":[{"href":"https:\/\/mashumanoconsultores.com\/en\/wp-json\/wp\/v2\/media?parent=89"}],"curies":[{"name":"wp","href":"https:\/\/api.w.org\/{rel}","templated":true}]}}